{"id":3003,"date":"2023-10-03T12:08:45","date_gmt":"2023-10-03T12:08:45","guid":{"rendered":"https:\/\/www.latanadimagilla.it\/menu\/"},"modified":"2025-10-27T09:12:43","modified_gmt":"2025-10-27T09:12:43","slug":"menu","status":"publish","type":"page","link":"https:\/\/www.latanadimagilla.it\/fr\/menu\/","title":{"rendered":"Menu"},"content":{"rendered":"<section class=\"l-section wpb_row us_custom_7c2415f2 height_medium\"><div class=\"l-section-h i-cf\"><div class=\"g-cols vc_row via_grid cols_1 laptops-cols_inherit tablets-cols_inherit mobiles-cols_1 valign_top type_default stacking_default\"><div class=\"wpb_column vc_column_container\"><div class=\"vc_column-inner\"><div class=\"w-hwrapper valign_middle default_align_center laptops_align_center tablets_align_center mobiles_align_center\"><nav class=\"w-menu us_custom_ab6b8924 layout_hor style_blocks us_menu_1\" style=\"--main-gap:1.5rem;--main-ver-indent:0.6em;--main-hor-indent:0.2em;--main-color:var(--color-header-middle-text);--main-hover-bg-color:var(--color-header-middle-text);--main-hover-color:var(--color-content-border);--main-active-bg-color:var(--color-header-top-text);--main-active-color:var(--color-content-border);\"><ul id=\"menu-menu-francese\" class=\"menu\"><li id=\"menu-item-3222\" class=\"menu-item menu-item-type-post_type menu-item-object-page menu-item-3222\"><a href=\"https:\/\/www.latanadimagilla.it\/fr\/menu\/\">Menu<\/a><\/li><li id=\"menu-item-3223\" class=\"menu-item menu-item-type-post_type menu-item-object-page menu-item-3223\"><a href=\"https:\/\/www.latanadimagilla.it\/fr\/menu\/pizzas\/\">Pizzas<\/a><\/li><li id=\"menu-item-3224\" class=\"menu-item menu-item-type-post_type menu-item-object-page menu-item-3224\"><a href=\"https:\/\/www.latanadimagilla.it\/fr\/menu\/anti-pizza\/\">Anti Pizza<\/a><\/li><li id=\"menu-item-3225\" class=\"menu-item menu-item-type-post_type menu-item-object-page menu-item-3225\"><a href=\"https:\/\/www.latanadimagilla.it\/fr\/menu\/menu-enfant-e-8-50\/\">Menu enfant \u20ac 9.00<\/a><\/li><li id=\"menu-item-3226\" class=\"menu-item menu-item-type-post_type menu-item-object-page menu-item-3226\"><a href=\"https:\/\/www.latanadimagilla.it\/fr\/menu\/menu-coeliaque\/\">Menu c\u0153liaque<\/a><\/li><li id=\"menu-item-3227\" class=\"menu-item menu-item-type-post_type menu-item-object-page menu-item-3227\"><a href=\"https:\/\/www.latanadimagilla.it\/fr\/menu\/bonbons\/\">Dessert<\/a><\/li><li id=\"menu-item-3228\" class=\"menu-item menu-item-type-post_type menu-item-object-page menu-item-3228\"><a href=\"https:\/\/www.latanadimagilla.it\/fr\/menu\/boissons\/\">Boissons<\/a><\/li><li id=\"menu-item-3229\" class=\"menu-item menu-item-type-post_type menu-item-object-page menu-item-3229\"><a href=\"https:\/\/www.latanadimagilla.it\/fr\/menu\/la-cave\/\">La cave<\/a><\/li><li id=\"menu-item-3230\" class=\"menu-item menu-item-type-post_type menu-item-object-page menu-item-3230\"><a href=\"https:\/\/www.latanadimagilla.it\/fr\/menu\/cafe-et-amers\/\">Caf\u00e9 et amers<\/a><\/li><\/ul><style>@media ( max-width:10px ){.us_menu_1 .menu{display:block!important}.us_menu_1 .menu>li{margin:0 0 var(--main-gap,1.5rem)!important}}<\/style><\/nav><\/div><\/div><\/div><\/div><\/div><\/section><section class=\"l-section wpb_row hide_on_mobiles height_small with_img parallax_ver\"><div class=\"l-section-img\" role=\"img\" data-img-width=\"1199\" data-img-height=\"1080\" style=\"background-image: url(https:\/\/www.latanadimagilla.it\/wp-content\/uploads\/2023\/10\/sfondo-menu.png);background-repeat: no-repeat;\"><\/div><div class=\"l-section-h i-cf\"><div class=\"g-cols vc_row via_grid cols_1 laptops-cols_inherit tablets-cols_inherit mobiles-cols_1 valign_top type_default stacking_default\"><div class=\"wpb_column vc_column_container\"><div class=\"vc_column-inner\"><div class=\"w-text us_custom_bc8c0623 has_text_color\"><span url class=\"w-text-h\"><span class=\"w-text-value\">D\u00e9marreurs de terre<\/span><\/span><\/div><div class=\"wpb_text_column\"><div class=\"wpb_wrapper\"><p style=\"text-align: center;\"><strong>Antipasto Gourmand<\/strong><strong> | \u20ac 13,00<br \/><\/strong><em>Tomino vert, filets de poivrons, cr\u00e8me de parmesan<\/em><br \/><em>Olives, Anchois verts, Salami<\/em><strong><br \/><\/strong><\/p>\n<p style=\"text-align: center;\"><strong>Veau tonn\u00e9 | \u20ac 9.50<\/strong><\/p>\n<p style=\"text-align: center;\"><strong>Carpaccio de veau avec fondue Castel&rsquo; gej | \u20ac 12,50<\/strong><\/p>\n<p style=\"text-align: center;\"><strong>Tourte aux pommes de terre avec Bagna C\u00e0oda | \u20ac 9.00<\/strong><\/p>\n<p style=\"text-align: center;\"><strong>Tris di Terra | \u20ac 14,00<br \/><\/strong><em>Veau tondu, Tortino, Tomino avec confiture d&rsquo;oignons<\/em><strong><br \/><\/strong><\/p>\n<p style=\"text-align: center;\"><strong>Ap\u00e9ritif \u00e0 la viande du chef | \u20ac 16.00<\/strong><\/p>\n<\/div><\/div><div class=\"w-separator size_small\"><\/div><div class=\"w-text us_custom_f9d7b59c has_text_color\"><span url class=\"w-text-h\"><span class=\"w-text-value\">Hors d&apos;\u0153uvre de la mer<\/span><\/span><\/div><div class=\"wpb_text_column\"><div class=\"wpb_wrapper\"><p style=\"text-align: center;\"><strong>Moules au poivre | \u20ac 10.00<\/strong><\/p>\n<p style=\"text-align: center;\"><strong>Moules Marinara | \u20ac 10.00<\/strong><\/p>\n<p style=\"text-align: center;\"><strong>Moules tarantines | \u20ac 10.00<\/strong><\/p>\n<p style=\"text-align: center;\"><strong>Moules Magilla | \u20ac 11.00<\/strong><\/p>\n<p style=\"text-align: center;\"><strong>Rose de saumon marin\u00e9 et papillotes de beurre | \u20ac 10.00<\/strong><\/p>\n<p style=\"text-align: center;\"><strong>Salade de poulpe avec pommes de terre et olives | \u20ac 10.00<\/strong><\/p>\n<p style=\"text-align: center;\"><strong>Tris di Mare | \u20ac 12.00<br \/><\/strong><em>Salade de saumon, d&rsquo;anchois et de pieuvre<\/em><strong><br \/><\/strong><\/p>\n<p style=\"text-align: center;\"><strong>Ap\u00e9ritif du chef au poisson | \u20ac 16.00<\/strong><\/p>\n<\/div><\/div><div class=\"w-separator size_small\"><\/div><div class=\"w-text us_custom_f9d7b59c has_text_color\"><span url class=\"w-text-h\"><span class=\"w-text-value\">Premier du pays<\/span><\/span><\/div><div class=\"wpb_text_column\"><div class=\"wpb_wrapper\"><p style=\"text-align: center;\"><strong>Agnolotti \u00e0 la Viande &lsquo;Gorgo et Radicchio ou Rag\u00f9&rsquo; | \u20ac 11.00<\/strong><\/p>\n<p style=\"text-align: center;\"><strong>Tagliatelles aux c\u00e8pes et \u00e0 l&rsquo;\u0153uf de speck | \u20ac 12.50<\/strong><\/p>\n<p style=\"text-align: center;\"><strong>Chicche &lsquo;Alla Bava ou Gorgo et Radicchio&rsquo; | \u20ac 11,00<\/strong><\/p>\n<p style=\"text-align: center;\"><strong>Orecchiette &lsquo;Aubergines, Tomates et Ricotta Salata&rsquo; | \u20ac 11.00<\/strong><\/p>\n<p style=\"text-align: center;\"><strong>Maccheroncino &lsquo;courgettes, speck et safran&rsquo; | \u20ac 11.00<\/strong><\/p>\n<p style=\"text-align: center;\"><strong>Troccolo &lsquo;Cacio e Pepe&rsquo; | \u20ac 12.00<\/strong><\/p>\n<p style=\"text-align: center;\"><strong>Pappardelle &lsquo;cr\u00e8me d&rsquo;artichaut et bacon croustillant&rsquo; | \u20ac 12.00<\/strong><\/p>\n<\/div><\/div><div class=\"w-separator size_small\"><\/div><div class=\"w-text us_custom_f9d7b59c has_text_color\"><span url class=\"w-text-h\"><span class=\"w-text-value\">Premier de la mer<\/span><\/span><\/div><div class=\"wpb_text_column\"><div class=\"wpb_wrapper\"><p style=\"text-align: center;\"><strong>Spaghetto Chitarra &lsquo;Con Polipetti al Brucio&rsquo; | \u20ac 15,50<\/strong><\/p>\n<p style=\"text-align: center;\"><strong>Tagliolino frais &lsquo;cr\u00e8me de poivrons et crevettes&rsquo; | \u20ac 14,50<\/strong><\/p>\n<p style=\"text-align: center;\"><strong>Pacchero du p\u00eacheur | \u20ac 16.00<\/strong><\/p>\n<p style=\"text-align: center;\"><strong>Maccheroncino frais &lsquo;Langoustines et cr\u00e8me d&rsquo;artichaut&rsquo; | \u20ac 15,50<\/strong><\/p>\n<p style=\"text-align: center;\"><strong>Spaghetti Carbonara de mer &lsquo;Crevettes, Calamars , Espadon&rsquo; | \u20ac 15,00<\/strong><\/p>\n<p style=\"text-align: center;\"><strong>Spaghetti aux Palourdes | \u20ac 15.50<\/strong><\/p>\n<\/div><\/div><div class=\"w-separator size_small\"><\/div><div class=\"w-text us_custom_f9d7b59c has_text_color\"><span url class=\"w-text-h\"><span class=\"w-text-value\">Salades Magilla<\/span><\/span><\/div><div class=\"wpb_text_column\"><div class=\"wpb_wrapper\"><p style=\"text-align: center;\"><strong>Salade Magilla<\/strong><strong> | \u20ac 8,50<br \/><\/strong><em>Salade verte, rouge<\/em><br \/><em>Roquette, Grana, Champignon, Tomate<\/em><\/p>\n<p style=\"text-align: center;\"><strong>Salade d&rsquo;\u00e9t\u00e9<\/strong><strong> | \u20ac 9,50<br \/><\/strong><em>Salade verte, <\/em><em>roquette, tomate, olives noires, buffle, cro\u00fbtons<\/em><\/p>\n<p style=\"text-align: center;\"><strong>Salade Ni\u00e7oise<\/strong><strong> | \u20ac 10,50<br \/><\/strong><i>Haricots verts, Tomates, Salade verte, Pommes de terre, Anchois, Oignon, Olives, Thon, Oeufs.<\/i><\/p>\n<p style=\"text-align: center;\"><strong>Salade de fruits de mer<\/strong><strong> | \u20ac 10,00<br \/><\/strong><i>Salade verte, tomates, crevettes \u00e0 la sauce rose<\/i><\/p>\n<p style=\"text-align: center;\"><strong>Salade de poulet<\/strong><strong> | \u20ac 10,00<br \/><\/strong><i>Salade verte, roquette, tomate, cubes de poulet, cro\u00fbtons, carottes.<\/i><\/p>\n<p style=\"text-align: center;\"><strong>Salade grill\u00e9e<\/strong><strong> | \u20ac 10,00<br \/><\/strong><i>Salade verte, l\u00e9gumes grill\u00e9s, cro\u00fbtons, lardons grill\u00e9s<\/i><\/p>\n<\/div><\/div><div class=\"w-separator size_small\"><\/div><div class=\"w-text us_custom_f9d7b59c has_text_color\"><span url class=\"w-text-h\"><span class=\"w-text-value\">Les secondes de la terre<\/span><\/span><\/div><div class=\"wpb_text_column\"><div class=\"wpb_wrapper\"><p style=\"text-align: center;\"><strong>Tranches de Veau Fus\u00e9e et Grana | \u20ac 16,50<\/strong><\/p>\n<p style=\"text-align: center;\"><strong>C\u00f4telette de porc en cro\u00fbte de noisettes | \u20ac 15,00<\/strong><\/p>\n<p style=\"text-align: center;\"><strong>Filet de porc au poivre vert ou Woronof | \u20ac 18.50<\/strong><\/p>\n<p style=\"text-align: center;\"><strong>Arrosticini d&rsquo;agneau grill\u00e9 | \u20ac 15,50<\/strong><\/p>\n<p style=\"text-align: center;\"><strong>C\u00f4te de veau 300g avec pommes de terre Magilla | \u20ac 19,00<\/strong><\/p>\n<p style=\"text-align: center;\"><strong>Grill (saucisse, surlonge, capocollo, c\u00f4tes de porc) | \u20ac 22,00<\/strong><\/p>\n<\/div><\/div><div class=\"w-separator size_small\"><\/div><div class=\"w-text us_custom_f9d7b59c has_text_color\"><span url class=\"w-text-h\"><span class=\"w-text-value\">Secondes de fruits de mer<\/span><\/span><\/div><div class=\"wpb_text_column\"><div class=\"wpb_wrapper\"><p style=\"text-align: center;\"><strong>Bar\/Dorade au four ou grill\u00e9s | \u20ac 17,50<\/strong><\/p>\n<p style=\"text-align: center;\"><strong>Bar\/Daurade \u00e0 la Livourne ou Cartoccio | \u20ac 19,00<\/strong><\/p>\n<p style=\"text-align: center;\"><strong>Saumon \u00e0 la vapeur ou au four | \u20ac 15.00<\/strong><\/p>\n<p style=\"text-align: center;\"><strong>Tentacule de pommes de terre et de navets \u00e0 la cr\u00e8me | \u20ac 18,50<\/strong><\/p>\n<p style=\"text-align: center;\"><strong>\u00c9minc\u00e9 de seiche \u00e0 la cr\u00e8me d&rsquo;artichauts et de poireaux | \u20ac 19,00<\/strong><\/p>\n<p style=\"text-align: center;\"><strong>Poisson grill\u00e9 (crevettes, calamars, espadon, daurade) | \u20ac 25,00<\/strong><\/p>\n<p style=\"text-align: center;\"><strong>Poisson frit (crevettes, calamars et aquarelles) | \u20ac 18,00<\/strong><\/p>\n<\/div><\/div><div class=\"w-separator size_small\"><\/div><div class=\"w-text us_custom_f9d7b59c has_text_color\"><span url class=\"w-text-h\"><span class=\"w-text-value\">Plats d&apos;accompagnement<\/span><\/span><\/div><div class=\"wpb_text_column\"><div class=\"wpb_wrapper\"><p style=\"text-align: center;\">Frites<strong> | \u20ac 4.50<\/strong><\/p>\n<p style=\"text-align: center;\">Pommes de terre au four au romarin ou \u00e0 la magouille<strong> | \u20ac 5,00<\/strong><\/p>\n<p style=\"text-align: center;\">L\u00e9gumes grill\u00e9s<strong> | \u20ac 6.50<\/strong><\/p>\n<p style=\"text-align: center;\">L\u00e9gumes saut\u00e9s <strong> | \u20ac 6,00<\/strong><\/p>\n<p style=\"text-align: center;\">Salade mixte<strong> | \u20ac 6.00<\/strong><\/p>\n<\/div><\/div><div class=\"w-separator size_huge\"><\/div><div class=\"wpb_text_column\"><div class=\"wpb_wrapper\"><p class=\"p1\" style=\"text-align: center;\"><strong>Prix d&rsquo;entr\u00e9e \u20ac 2.00<\/strong><\/p>\n<\/div><\/div><div class=\"w-separator size_small\"><\/div><div class=\"wpb_text_column us_custom_a574d586 has_text_color\"><div class=\"wpb_wrapper\"><p class=\"p1\" style=\"text-align: center;\">Il est conseill\u00e9 aux clients de Kind d&rsquo;informer le personnel de toute intol\u00e9rance alimentaire.<\/p>\n<p class=\"p1\" style=\"text-align: center;\">Notre menu contient quelques produits surgel\u00e9s<\/p>\n<\/div><\/div><div class=\"w-separator size_huge\"><\/div><div class=\"w-actionbox color_primary controls_right\"><div class=\"w-actionbox-text\"><h2 class=\"w-actionbox-title\">D\u00e9crivez votre exp\u00e9rience<\/h2><div class=\"w-actionbox-description\"><p>Votre avis nous int\u00e9resse<\/p>\n<\/div><\/div><div class=\"w-actionbox-controls\"><a class=\"w-btn us-btn-style_2\" target=\"_blank\" href=\"https:\/\/g.page\/r\/CW8iZUHa2NLDEB0\/review\"><span class=\"w-btn-label\">Laissez-nous un commentaire<\/span><\/a><\/div><\/div><\/div><\/div><\/div><\/div><\/section><section class=\"l-section wpb_row hide_on_default hide_on_laptops hide_on_tablets height_small with_img\"><div class=\"l-section-img\" role=\"img\" data-img-width=\"677\" data-img-height=\"1080\" style=\"background-image: url(https:\/\/www.latanadimagilla.it\/wp-content\/uploads\/2023\/10\/sfondo-menu-mobile-ok.png);background-repeat: repeat-y;background-size: contain;\"><\/div><div class=\"l-section-h i-cf\"><div class=\"g-cols vc_row via_grid cols_1 laptops-cols_inherit tablets-cols_inherit mobiles-cols_1 valign_top type_default stacking_default\"><div class=\"wpb_column vc_column_container\"><div class=\"vc_column-inner\"><div class=\"w-text us_custom_bc8c0623 has_text_color\"><span url class=\"w-text-h\"><span class=\"w-text-value\">D\u00e9marreurs de terre<\/span><\/span><\/div><div class=\"wpb_text_column\"><div class=\"wpb_wrapper\"><p style=\"text-align: center;\"><strong>Antipasto Gourmand<\/strong><strong> | \u20ac 12,50<br \/><\/strong><em>Tomino vert, piment farci<\/em><br \/><em>Olives, Anchois verts, Salami<\/em><strong><br \/><\/strong><\/p>\n<p style=\"text-align: center;\"><strong>Veau de lait &lsquo;Antico Piemonte&rsquo; | \u20ac 9.00<\/strong><\/p>\n<p style=\"text-align: center;\"><strong>Carpaccio de veau avec fondue | \u20ac 11,50<\/strong><\/p>\n<p style=\"text-align: center;\"><strong>Tarte aux pommes de terre au fromage \u00e0 la cr\u00e8me | \u20ac 8.50<\/strong><\/p>\n<p style=\"text-align: center;\"><strong>Tris di Terra | \u20ac 12,50<br \/><\/strong><em>Veau tondu, Tortino, Tomino vert<\/em><strong><br \/><\/strong><\/p>\n<p style=\"text-align: center;\"><strong>Ap\u00e9ritif \u00e0 la viande du chef | \u20ac 15.00<\/strong><\/p>\n<\/div><\/div><div class=\"w-separator size_small\"><\/div><div class=\"w-text us_custom_f9d7b59c has_text_color\"><span url class=\"w-text-h\"><span class=\"w-text-value\">Hors d&apos;\u0153uvre de la mer<\/span><\/span><\/div><div class=\"wpb_text_column\"><div class=\"wpb_wrapper\"><p style=\"text-align: center;\"><strong>Moules au poivre | \u20ac 10.00<\/strong><\/p>\n<p style=\"text-align: center;\"><strong>Moules Marinara | \u20ac 10.00<\/strong><\/p>\n<p style=\"text-align: center;\"><strong>Moules tarantines | \u20ac 10.00<\/strong><\/p>\n<p style=\"text-align: center;\"><strong>Moules Magilla | \u20ac 11.00<\/strong><\/p>\n<p style=\"text-align: center;\"><strong>Rose de saumon marin\u00e9 et papillotes de beurre | \u20ac 10.00<\/strong><\/p>\n<p style=\"text-align: center;\"><strong>Salade de poulpe avec pommes de terre et olives | \u20ac 10.00<\/strong><\/p>\n<p style=\"text-align: center;\"><strong>Tris di Mare | \u20ac 12.00<br \/><\/strong><em>Salade de saumon, d&rsquo;anchois et de pieuvre<\/em><strong><br \/><\/strong><\/p>\n<p style=\"text-align: center;\"><strong>Ap\u00e9ritif du chef au poisson | \u20ac 16.00<\/strong><\/p>\n<\/div><\/div><div class=\"w-separator size_small\"><\/div><div class=\"w-text us_custom_f9d7b59c has_text_color\"><span url class=\"w-text-h\"><span class=\"w-text-value\">Premier du pays<\/span><\/span><\/div><div class=\"wpb_text_column\"><div class=\"wpb_wrapper\"><p style=\"text-align: center;\"><strong>Agnolotti \u00e0 la Viande &lsquo;Gorgo et Radicchio ou Rag\u00f9&rsquo; | \u20ac 11.00<\/strong><\/p>\n<p style=\"text-align: center;\"><strong>Tagliatelles aux c\u00e8pes et \u00e0 l&rsquo;\u0153uf de speck | \u20ac 12.50<\/strong><\/p>\n<p style=\"text-align: center;\"><strong>Chicche &lsquo;Alla Bava ou Gorgo et Radicchio&rsquo; | \u20ac 11,00<\/strong><\/p>\n<p style=\"text-align: center;\"><strong>Orecchiette &lsquo;Aubergines, Tomates et Ricotta Salata&rsquo; | \u20ac 11.00<\/strong><\/p>\n<p style=\"text-align: center;\"><strong>Maccheroncino &lsquo;courgettes, speck et safran&rsquo; | \u20ac 11.00<\/strong><\/p>\n<p style=\"text-align: center;\"><strong>Troccolo &lsquo;Cacio e Pepe&rsquo; | \u20ac 12.00<\/strong><\/p>\n<p style=\"text-align: center;\"><strong>Pappardelle &lsquo;cr\u00e8me d&rsquo;artichaut et bacon croustillant&rsquo; | \u20ac 12.00<\/strong><\/p>\n<\/div><\/div><div class=\"w-separator size_small\"><\/div><div class=\"w-text us_custom_f9d7b59c has_text_color\"><span url class=\"w-text-h\"><span class=\"w-text-value\">Premier de la mer<\/span><\/span><\/div><div class=\"wpb_text_column\"><div class=\"wpb_wrapper\"><p style=\"text-align: center;\"><strong>Spaghetto Chitarra &lsquo;Con Polipetti al Brucio&rsquo; | \u20ac 15,50<\/strong><\/p>\n<p style=\"text-align: center;\"><strong>Tagliolino frais &lsquo;cr\u00e8me de poivrons et crevettes&rsquo; | \u20ac 14,50<\/strong><\/p>\n<p style=\"text-align: center;\"><strong>Pacchero du p\u00eacheur | \u20ac 16.00<\/strong><\/p>\n<p style=\"text-align: center;\"><strong>Maccheroncino frais &lsquo;Langoustines et cr\u00e8me d&rsquo;artichaut&rsquo; | \u20ac 15,50<\/strong><\/p>\n<p style=\"text-align: center;\"><strong>Spaghetti Carbonara de mer &lsquo;Crevettes, Calamars , Espadon&rsquo; | \u20ac 15,00<\/strong><\/p>\n<p style=\"text-align: center;\"><strong>Spaghetti aux Palourdes | \u20ac 15.50<\/strong><\/p>\n<\/div><\/div><div class=\"w-separator size_small\"><\/div><div class=\"w-text us_custom_f9d7b59c has_text_color\"><span url class=\"w-text-h\"><span class=\"w-text-value\">Salades Magilla<\/span><\/span><\/div><div class=\"wpb_text_column\"><div class=\"wpb_wrapper\"><p style=\"text-align: center;\"><strong>Salade Magilla<\/strong><strong> | \u20ac 8,50<br \/><\/strong><em>Salade verte, rouge<\/em><br \/><em>Roquette, Grana, Champignon, Tomate<\/em><\/p>\n<p style=\"text-align: center;\"><strong>Salade d&rsquo;\u00e9t\u00e9<\/strong><strong> | \u20ac 9,50<br \/><\/strong><em>Salade verte, <\/em><em>roquette, tomate, olives noires, buffle, cro\u00fbtons<\/em><\/p>\n<p style=\"text-align: center;\"><strong>Salade Ni\u00e7oise<\/strong><strong> | \u20ac 10,50<br \/><\/strong><i>Haricots verts, Tomates, Salade verte, Pommes de terre, Anchois, Oignon, Olives, Thon, Oeufs.<\/i><\/p>\n<p style=\"text-align: center;\"><strong>Salade de fruits de mer<\/strong><strong> | \u20ac 10,00<br \/><\/strong><i>Salade verte, tomates, crevettes \u00e0 la sauce rose<\/i><\/p>\n<p style=\"text-align: center;\"><strong>Salade de poulet<\/strong><strong> | \u20ac 10,00<br \/><\/strong><i>Salade verte, roquette, tomate, cubes de poulet, cro\u00fbtons, carottes.<\/i><\/p>\n<p style=\"text-align: center;\"><strong>Salade grill\u00e9e<\/strong><strong> | \u20ac 10,00<br \/><\/strong><i>Salade verte, l\u00e9gumes grill\u00e9s, cro\u00fbtons, lardons grill\u00e9s<\/i><\/p>\n<\/div><\/div><div class=\"w-separator size_small\"><\/div><div class=\"w-text us_custom_f9d7b59c has_text_color\"><span url class=\"w-text-h\"><span class=\"w-text-value\">Les secondes de la terre<\/span><\/span><\/div><div class=\"wpb_text_column\"><div class=\"wpb_wrapper\"><p style=\"text-align: center;\"><strong>Tranches de Veau Fus\u00e9e et Grana | \u20ac 16,50<\/strong><\/p>\n<p style=\"text-align: center;\"><strong>C\u00f4telette de porc en cro\u00fbte de noisettes | \u20ac 15,00<\/strong><\/p>\n<p style=\"text-align: center;\"><strong>Filet de porc au poivre vert ou Woronof | \u20ac 18.50<\/strong><\/p>\n<p style=\"text-align: center;\"><strong>Arrosticini d&rsquo;agneau grill\u00e9 | \u20ac 15,50<\/strong><\/p>\n<p style=\"text-align: center;\"><strong>C\u00f4te de veau 300g avec pommes de terre Magilla | \u20ac 19,00<\/strong><\/p>\n<p style=\"text-align: center;\"><strong>Grill (saucisse, surlonge, capocollo, c\u00f4tes de porc) | \u20ac 22,00<\/strong><\/p>\n<\/div><\/div><div class=\"w-separator size_small\"><\/div><div class=\"w-text us_custom_f9d7b59c has_text_color\"><span url class=\"w-text-h\"><span class=\"w-text-value\">Secondes de fruits de mer<\/span><\/span><\/div><div class=\"wpb_text_column\"><div class=\"wpb_wrapper\"><p style=\"text-align: center;\"><strong>Bar\/Dorade au four ou grill\u00e9s | \u20ac 17,50<\/strong><\/p>\n<p style=\"text-align: center;\"><strong>Bar\/Daurade \u00e0 la Livourne ou Cartoccio | \u20ac 19,00<\/strong><\/p>\n<p style=\"text-align: center;\"><strong>Saumon \u00e0 la vapeur ou au four | \u20ac 15.00<\/strong><\/p>\n<p style=\"text-align: center;\"><strong>Tentacule de pommes de terre et de navets \u00e0 la cr\u00e8me | \u20ac 18,50<\/strong><\/p>\n<p style=\"text-align: center;\"><strong>\u00c9minc\u00e9 de seiche \u00e0 la cr\u00e8me d&rsquo;artichauts et de poireaux | \u20ac 19,00<\/strong><\/p>\n<p style=\"text-align: center;\"><strong>Poisson grill\u00e9 (crevettes, calamars, espadon, daurade) | \u20ac 25,00<\/strong><\/p>\n<p style=\"text-align: center;\"><strong>Poisson frit (crevettes, calamars et aquarelles) | \u20ac 18,00<\/strong><\/p>\n<\/div><\/div><div class=\"w-separator size_small\"><\/div><div class=\"w-text us_custom_f9d7b59c has_text_color\"><span url class=\"w-text-h\"><span class=\"w-text-value\">Plats d&apos;accompagnement<\/span><\/span><\/div><div class=\"wpb_text_column\"><div class=\"wpb_wrapper\"><p style=\"text-align: center;\">Frites<strong> | \u20ac 4.50<\/strong><\/p>\n<p style=\"text-align: center;\">Pommes de terre au four au romarin ou \u00e0 la magouille<strong> | \u20ac 5,00<\/strong><\/p>\n<p style=\"text-align: center;\">L\u00e9gumes grill\u00e9s<strong> | \u20ac 6.50<\/strong><\/p>\n<p style=\"text-align: center;\">L\u00e9gumes saut\u00e9s <strong> | \u20ac 6,00<\/strong><\/p>\n<p style=\"text-align: center;\">Salade mixte<strong> | \u20ac 6.00<\/strong><\/p>\n<\/div><\/div><div class=\"w-separator size_huge\"><\/div><div class=\"wpb_text_column\"><div class=\"wpb_wrapper\"><p class=\"p1\" style=\"text-align: center;\"><strong>Prix d&rsquo;entr\u00e9e \u20ac 2.00<\/strong><\/p>\n<\/div><\/div><div class=\"w-separator size_small\"><\/div><div class=\"wpb_text_column us_custom_a574d586 has_text_color\"><div class=\"wpb_wrapper\"><p class=\"p1\" style=\"text-align: center;\">Il est conseill\u00e9 aux clients de Kind d&rsquo;informer le personnel de toute intol\u00e9rance alimentaire.<\/p>\n<p class=\"p1\" style=\"text-align: center;\">Notre menu contient quelques produits surgel\u00e9s<\/p>\n<\/div><\/div><div class=\"w-separator size_huge\"><\/div><div class=\"w-actionbox color_primary controls_right\"><div class=\"w-actionbox-text\"><h2 class=\"w-actionbox-title\">D\u00e9crivez votre exp\u00e9rience<\/h2><div class=\"w-actionbox-description\"><p>Votre avis nous int\u00e9resse<\/p>\n<\/div><\/div><div class=\"w-actionbox-controls\"><a class=\"w-btn us-btn-style_2\" target=\"_blank\" href=\"https:\/\/g.page\/r\/CW8iZUHa2NLDEB0\/review\"><span class=\"w-btn-label\">Laissez-nous un commentaire<\/span><\/a><\/div><\/div><\/div><\/div><\/div><\/div><\/section>\n","protected":false},"excerpt":{"rendered":"MenuPizzasAnti PizzaMenu enfant \u20ac 9.00Menu c\u0153liaqueDessertBoissonsLa caveCaf\u00e9 et amersD\u00e9marreurs de terreAntipasto Gourmand | \u20ac 13,00Tomino vert, filets de poivrons, cr\u00e8me de parmesanOlives, Anchois verts, Salami Veau tonn\u00e9 | \u20ac 9.50 Carpaccio de veau avec fondue Castel&rsquo; gej | \u20ac 12,50 Tourte aux pommes de terre avec Bagna C\u00e0oda | \u20ac 9.00 Tris di Terra |...","protected":false},"author":3,"featured_media":2630,"parent":0,"menu_order":0,"comment_status":"closed","ping_status":"closed","template":"","meta":{"footnotes":""},"class_list":["post-3003","page","type-page","status-publish","has-post-thumbnail","hentry"],"aioseo_notices":[],"_links":{"self":[{"href":"https:\/\/www.latanadimagilla.it\/fr\/wp-json\/wp\/v2\/pages\/3003","targetHints":{"allow":["GET"]}}],"collection":[{"href":"https:\/\/www.latanadimagilla.it\/fr\/wp-json\/wp\/v2\/pages"}],"about":[{"href":"https:\/\/www.latanadimagilla.it\/fr\/wp-json\/wp\/v2\/types\/page"}],"author":[{"embeddable":true,"href":"https:\/\/www.latanadimagilla.it\/fr\/wp-json\/wp\/v2\/users\/3"}],"replies":[{"embeddable":true,"href":"https:\/\/www.latanadimagilla.it\/fr\/wp-json\/wp\/v2\/comments?post=3003"}],"version-history":[{"count":29,"href":"https:\/\/www.latanadimagilla.it\/fr\/wp-json\/wp\/v2\/pages\/3003\/revisions"}],"predecessor-version":[{"id":3616,"href":"https:\/\/www.latanadimagilla.it\/fr\/wp-json\/wp\/v2\/pages\/3003\/revisions\/3616"}],"wp:featuredmedia":[{"embeddable":true,"href":"https:\/\/www.latanadimagilla.it\/fr\/wp-json\/wp\/v2\/media\/2630"}],"wp:attachment":[{"href":"https:\/\/www.latanadimagilla.it\/fr\/wp-json\/wp\/v2\/media?parent=3003"}],"curies":[{"name":"wp","href":"https:\/\/api.w.org\/{rel}","templated":true}]}}