{"id":2995,"date":"2023-10-02T16:09:15","date_gmt":"2023-10-02T16:09:15","guid":{"rendered":"https:\/\/www.latanadimagilla.it\/pizzas\/"},"modified":"2024-03-08T14:39:06","modified_gmt":"2024-03-08T14:39:06","slug":"pizzas","status":"publish","type":"page","link":"https:\/\/www.latanadimagilla.it\/fr\/menu\/pizzas\/","title":{"rendered":"Pizzas"},"content":{"rendered":"<section class=\"l-section wpb_row us_custom_7c2415f2 height_medium\"><div class=\"l-section-h i-cf\"><div class=\"g-cols vc_row via_grid cols_1 laptops-cols_inherit tablets-cols_inherit mobiles-cols_1 valign_top type_default stacking_default\"><div class=\"wpb_column vc_column_container\"><div class=\"vc_column-inner\"><div class=\"w-hwrapper valign_middle default_align_center laptops_align_center tablets_align_center mobiles_align_center\"><nav class=\"w-menu us_custom_3a14f0f0 layout_hor style_blocks has_text_align_on_mobiles us_menu_1\" style=\"--main-gap:1.5rem;--main-ver-indent:0.6em;--main-hor-indent:0.2em;--main-color:var(--color-header-middle-text);--main-hover-bg-color:var(--color-header-middle-text);--main-hover-color:var(--color-content-border);--main-active-bg-color:var(--color-header-top-text);--main-active-color:var(--color-content-border);\"><ul id=\"menu-menu-francese\" class=\"menu\"><li id=\"menu-item-3222\" class=\"menu-item menu-item-type-post_type menu-item-object-page menu-item-3222\"><a href=\"https:\/\/www.latanadimagilla.it\/fr\/menu\/\">Menu<\/a><\/li><li id=\"menu-item-3223\" class=\"menu-item menu-item-type-post_type menu-item-object-page menu-item-3223\"><a href=\"https:\/\/www.latanadimagilla.it\/fr\/menu\/pizzas\/\">Pizzas<\/a><\/li><li id=\"menu-item-3224\" class=\"menu-item menu-item-type-post_type menu-item-object-page menu-item-3224\"><a href=\"https:\/\/www.latanadimagilla.it\/fr\/menu\/anti-pizza\/\">Anti Pizza<\/a><\/li><li id=\"menu-item-3225\" class=\"menu-item menu-item-type-post_type menu-item-object-page menu-item-3225\"><a href=\"https:\/\/www.latanadimagilla.it\/fr\/menu\/menu-enfant-e-8-50\/\">Menu enfant \u20ac 9.00<\/a><\/li><li id=\"menu-item-3226\" class=\"menu-item menu-item-type-post_type menu-item-object-page menu-item-3226\"><a href=\"https:\/\/www.latanadimagilla.it\/fr\/menu\/menu-coeliaque\/\">Menu c\u0153liaque<\/a><\/li><li id=\"menu-item-3227\" class=\"menu-item menu-item-type-post_type menu-item-object-page menu-item-3227\"><a href=\"https:\/\/www.latanadimagilla.it\/fr\/menu\/bonbons\/\">Dessert<\/a><\/li><li id=\"menu-item-3228\" class=\"menu-item menu-item-type-post_type menu-item-object-page menu-item-3228\"><a href=\"https:\/\/www.latanadimagilla.it\/fr\/menu\/boissons\/\">Boissons<\/a><\/li><li id=\"menu-item-3229\" class=\"menu-item menu-item-type-post_type menu-item-object-page menu-item-3229\"><a href=\"https:\/\/www.latanadimagilla.it\/fr\/menu\/la-cave\/\">La cave<\/a><\/li><li id=\"menu-item-3230\" class=\"menu-item menu-item-type-post_type menu-item-object-page menu-item-3230\"><a href=\"https:\/\/www.latanadimagilla.it\/fr\/menu\/cafe-et-amers\/\">Caf\u00e9 et amers<\/a><\/li><\/ul><style>@media ( max-width:10px ){.us_menu_1 .menu{display:block!important}.us_menu_1 .menu>li{margin:0 0 var(--main-gap,1.5rem)!important}}<\/style><\/nav><\/div><\/div><\/div><\/div><\/div><\/section><section class=\"l-section wpb_row us_custom_7c2415f2 hide_on_default hide_on_laptops hide_on_tablets hide_on_mobiles height_medium\"><div class=\"l-section-h i-cf\"><div class=\"g-cols vc_row via_grid cols_1 laptops-cols_inherit tablets-cols_inherit mobiles-cols_1 valign_top type_default stacking_default\"><div class=\"wpb_column vc_column_container\"><div class=\"vc_column-inner\"><div class=\"w-hwrapper valign_middle align_center\"><div class=\"w-text us_custom_e5a14a1b\"><a href=\"https:\/\/www.latanadimagilla.it\/menu-la-tana-di-magilla\/\" class=\"w-text-h\"><span class=\"w-text-value\">Menu<\/span><\/a><\/div><div class=\"w-text us_custom_55915748 has_text_color\"><a href=\"https:\/\/www.latanadimagilla.it\/menu-la-tana-di-magilla\/pizze\/\" class=\"w-text-h\"><span class=\"w-text-value\">Pizzas<\/span><\/a><\/div><div class=\"w-text us_custom_e5a14a1b\"><a href=\"https:\/\/www.latanadimagilla.it\/menu-la-tana-di-magilla\/anti-pizza\/\" class=\"w-text-h\"><span class=\"w-text-value\">Anti Pizza<\/span><\/a><\/div><div class=\"w-text us_custom_e5a14a1b\"><a href=\"https:\/\/www.latanadimagilla.it\/menu-la-tana-di-magilla\/menu-bimbi\/\" class=\"w-text-h\"><span class=\"w-text-value\">Menu enfant<\/span><\/a><\/div><div class=\"w-text us_custom_e5a14a1b\"><a href=\"https:\/\/www.latanadimagilla.it\/menu-la-tana-di-magilla\/menu-celiaci\/\" class=\"w-text-h\"><span class=\"w-text-value\">Menu c\u0153liaque<\/span><\/a><\/div><div class=\"w-text us_custom_e5a14a1b\"><a href=\"https:\/\/www.latanadimagilla.it\/menu-la-tana-di-magilla\/dolci\/\" class=\"w-text-h\"><span class=\"w-text-value\">Dessert<\/span><\/a><\/div><div class=\"w-text us_custom_e5a14a1b\"><a href=\"https:\/\/www.latanadimagilla.it\/menu-la-tana-di-magilla\/bibite\/\" class=\"w-text-h\"><span class=\"w-text-value\">Boissons<\/span><\/a><\/div><div class=\"w-text us_custom_e5a14a1b\"><a href=\"https:\/\/www.latanadimagilla.it\/menu-la-tana-di-magilla\/la-cantina\/\" class=\"w-text-h\"><span class=\"w-text-value\">La cave<\/span><\/a><\/div><div class=\"w-text us_custom_e5a14a1b\"><a href=\"https:\/\/www.latanadimagilla.it\/menu-la-tana-di-magilla\/caffe-e-amari\/\" class=\"w-text-h\"><span class=\"w-text-value\">Caf\u00e9 et amers<\/span><\/a><\/div><\/div><\/div><\/div><\/div><\/div><\/section><section class=\"l-section wpb_row us_custom_7c2415f2 hide_on_default hide_on_laptops hide_on_tablets hide_on_mobiles height_medium\"><div class=\"l-section-h i-cf\"><div class=\"g-cols vc_row via_grid cols_1 laptops-cols_inherit tablets-cols_inherit mobiles-cols_1 valign_top type_default stacking_default\"><div class=\"wpb_column vc_column_container\"><div class=\"vc_column-inner\"><div class=\"w-hwrapper valign_middle align_center\"><div class=\"w-text us_custom_e5a14a1b\"><a href=\"https:\/\/www.latanadimagilla.it\/menu-la-tana-di-magilla\/\" class=\"w-text-h\"><span class=\"w-text-value\">Menu<\/span><\/a><\/div><div class=\"w-text us_custom_55915748 has_text_color\"><a href=\"https:\/\/www.latanadimagilla.it\/menu-la-tana-di-magilla\/pizze\/\" class=\"w-text-h\"><span class=\"w-text-value\">Pizzas<\/span><\/a><\/div><div class=\"w-text us_custom_e5a14a1b\"><a href=\"https:\/\/www.latanadimagilla.it\/menu-la-tana-di-magilla\/anti-pizza\/\" class=\"w-text-h\"><span class=\"w-text-value\">Anti Pizza<\/span><\/a><\/div><\/div><div class=\"w-hwrapper us_custom_b2452879 valign_middle align_center\"><div class=\"w-text us_custom_e5a14a1b\"><a href=\"https:\/\/www.latanadimagilla.it\/menu-la-tana-di-magilla\/menu-bimbi\/\" class=\"w-text-h\"><span class=\"w-text-value\">Menu enfant<\/span><\/a><\/div><div class=\"w-text us_custom_e5a14a1b\"><a href=\"https:\/\/www.latanadimagilla.it\/menu-la-tana-di-magilla\/menu-celiaci\/\" class=\"w-text-h\"><span class=\"w-text-value\">Menu c\u0153liaque<\/span><\/a><\/div><div class=\"w-text us_custom_e5a14a1b\"><a href=\"https:\/\/www.latanadimagilla.it\/menu-la-tana-di-magilla\/dolci\/\" class=\"w-text-h\"><span class=\"w-text-value\">Dessert<\/span><\/a><\/div><\/div><div class=\"w-hwrapper us_custom_b2452879 valign_middle align_center\"><div class=\"w-text us_custom_e5a14a1b\"><a href=\"https:\/\/www.latanadimagilla.it\/menu-la-tana-di-magilla\/bibite\/\" class=\"w-text-h\"><span class=\"w-text-value\">Boissons<\/span><\/a><\/div><div class=\"w-text us_custom_e5a14a1b\"><a href=\"https:\/\/www.latanadimagilla.it\/menu-la-tana-di-magilla\/la-cantina\/\" class=\"w-text-h\"><span class=\"w-text-value\">La cave<\/span><\/a><\/div><div class=\"w-text us_custom_e5a14a1b\"><a href=\"https:\/\/www.latanadimagilla.it\/menu-la-tana-di-magilla\/caffe-e-amari\/\" class=\"w-text-h\"><span class=\"w-text-value\">Caf\u00e9 et amers<\/span><\/a><\/div><\/div><\/div><\/div><\/div><\/div><\/section><section class=\"l-section wpb_row hide_on_mobiles height_small with_img parallax_ver\"><div class=\"l-section-img\" role=\"img\" data-img-width=\"1199\" data-img-height=\"1080\" style=\"background-image: url(https:\/\/www.latanadimagilla.it\/wp-content\/uploads\/2023\/10\/sfondo-menu.png);background-repeat: no-repeat;\"><\/div><div class=\"l-section-h i-cf\"><div class=\"g-cols vc_row via_grid cols_1 laptops-cols_inherit tablets-cols_inherit mobiles-cols_1 valign_top type_default stacking_default\"><div class=\"wpb_column vc_column_container\"><div class=\"vc_column-inner\"><div class=\"wpb_text_column\"><div class=\"wpb_wrapper\"><p style=\"text-align: center;\"><strong>L\u00e9ger | \u20ac 9.50<\/strong><br \/>\n<em>(mozz, fromage Stracchino, courgettes, jambon cuit)<\/em><\/p>\n<p style=\"text-align: center;\"><strong>Savoureux | \u20ac 10.00<\/strong><br \/>\n<em>(Tomate, Buffalo, Scamorza fum\u00e9, Gorgo, Speck)<\/em><\/p>\n<p style=\"text-align: center;\"><strong>Idyllique | \u20ac 10.00<\/strong><br \/>\n<em>(Tomate, Mozz, C\u00e8pes, Bri\u00e8, Bufala)<\/em><\/p>\n<p style=\"text-align: center;\"><strong>La Tana | \u20ac 9.50<\/strong><br \/>\n<em>(Tomate, Mozz, Scamorza fum\u00e9, Saucisse, Champignons)<\/em><\/p>\n<p style=\"text-align: center;\"><strong>Porcinet | \u20ac 9.50<\/strong><br \/>\n<em>(Tomate, Mozz, Saucisse, Gorgo, Champignons)<\/em><\/p>\n<p style=\"text-align: center;\"><strong>Marinara | \u20ac 5.50<\/strong><br \/>\n<em>(Tomate et ail)<\/em><\/p>\n<p style=\"text-align: center;\"><strong>Napolitain | \u20ac 7.50<\/strong><br \/>\n<em>(Tomate, Mozz, Anchois)<\/em><\/p>\n<p style=\"text-align: center;\"><strong>Parma | \u20ac 9.50<\/strong><br \/>\n<em>(Tomate, Mozz, Jambon cru)<\/em><\/p>\n<p style=\"text-align: center;\"><strong>Parmesan | \u20ac 8.00<\/strong><br \/>\n<em>(Tomate, Mozz, Aubergines, Grana)<\/em><\/p>\n<p style=\"text-align: center;\"><strong>Patafritta | \u20ac 7.00<\/strong><br \/>\n<em>(Tomate, Mozz, Frites)<\/em><\/p>\n<p style=\"text-align: center;\"><strong>Polyphemus | \u20ac 8.50<\/strong><br \/>\n<em>(Tomate, Mozz, Jambon, \u0152uf)<\/em><\/p>\n<p style=\"text-align: center;\"><strong>Tasty | \u20ac 9.00<\/strong><br \/>\n<em>(Tomate, Mozz, Gorgo, Salamino)<\/em><\/p>\n<p style=\"text-align: center;\"><strong>Rocket | \u20ac 7.50<\/strong><br \/>\n<em>(Tomate, Mozz, Rocket)<\/em><\/p>\n<p style=\"text-align: center;\"><strong>Savoureux | \u20ac 9.50<\/strong><br \/>\n<em>(Tomate, Mozz, Saucisse, Gorgo, Radicchio)<\/em><\/p>\n<p style=\"text-align: center;\"><strong>Sicilienne | \u20ac 8.00<\/strong><br \/>\n<em>(Tomate, Anchois, Olives, C\u00e2pres)<\/em><\/p>\n<p style=\"text-align: center;\"><strong>Allemand | \u20ac 7.00<\/strong><br \/>\n<em>(Tomate, Mozz, W\u00fcrstel)<\/em><\/p>\n<p style=\"text-align: center;\"><strong>Toni | \u20ac 9.50<\/strong><br \/>\n<em>(Tomate, Mozz, Saucisse, Friarielli, Gorgo)<\/em><\/p>\n<p style=\"text-align: center;\"><strong>Tirol | 9,50<\/strong><br \/>\n<em>(Mozz, Bri\u00e8, Speck)<\/em><\/p>\n<p style=\"text-align: center;\"><strong>Thon | \u20ac 8.00<\/strong><br \/>\n<em>(Tomate, Mozz, Thon)<\/em><\/p>\n<p style=\"text-align: center;\"><strong>Thon et artichauts | \u20ac 8.00<\/strong><br \/>\n<em>(Tomate, Mozz, Thon, Artichauts)<\/em><\/p>\n<p style=\"text-align: center;\"><strong>Thon et oignon | \u20ac 8.50<\/strong><br \/>\n<em>(Tomate, Mozz, Thon, Oignon)<\/em><\/p>\n<p style=\"text-align: center;\"><strong>Trois petits cochons | \u20ac 9.50<\/strong><br \/>\n<em>(Tomate, Mozz, Saucisse, W\u00fcrstel)<\/em><\/p>\n<p style=\"text-align: center;\"><strong>Champignons | \u20ac 10.00<\/strong><br \/>\n<em>(Tomate, Mozz, champignons Porcini)<\/em><\/p>\n<p style=\"text-align: center;\"><strong>Printemps \u20ac 8.50<\/strong><br \/>\n<em>(Tomate. Mozz, tomates cerises, roquette)<\/em><\/p>\n<p style=\"text-align: center;\"><strong>Jambon | \u20ac 8.00<\/strong><br \/>\n<em>(Tomate, Mozz, Jambon)<\/em><\/p>\n<p style=\"text-align: center;\"><strong>Jambon et champignons | \u20ac 8.50<\/strong><br \/>\n<em>(Tomate, Mozz, Jambon, Champignons)<\/em><\/p>\n<p style=\"text-align: center;\"><strong>4 fromages | \u20ac 9.00<\/strong><br \/>\n<em>(Mozz, Gorgo, Fontina, Bri\u00e8)<\/em><\/p>\n<p style=\"text-align: center;\"><strong>4 Saisons | \u20ac 9.00<\/strong><br \/>\n<em>(Tomate, Mozz. Jambon, Artichauts, Olives, Champignons)<\/em><\/p>\n<p style=\"text-align: center;\"><strong>Fum\u00e9 | \u20ac 8.50<\/strong><br \/>\n<em>(Tomate, Mozz, Scamorza fum\u00e9, Speck)<\/em><\/p>\n<p style=\"text-align: center;\"><strong>Buffalo | \u20ac 9.00<\/strong><br \/>\n<em>(Tomate, Mozz, Bufala)<\/em><\/p>\n<p style=\"text-align: center;\"><strong>Burrata | \u20ac 11.00<\/strong><br \/>\n<em>(Tomate, Burratina, Basilic)<\/em><\/p>\n<p style=\"text-align: center;\"><strong>Calabra | \u20ac 11.00<\/strong><br \/>\n<em>(Mozz, Tomate cerise, N&rsquo;duja, Salamino, Soppressata)<\/em><\/p>\n<p style=\"text-align: center;\"><strong>Margherita | \u20ac 6.50<\/strong><br \/>\n<em>(Tomate, Mozz.)<\/em><\/p>\n<p style=\"text-align: center;\"><strong>Le Gentil | \u20ac 9.50<\/strong><br \/>\n<em>(Mozz, Bacon, Scamorza, Oignon)<\/em><\/p>\n<p style=\"text-align: center;\"><strong>Capricieux | \u20ac 9.50<\/strong><br \/>\n<em>(Tomate, Mozz, Jambon, Champignons, Artichauts, Olives, W\u00fcrstel)<\/em><\/p>\n<p style=\"text-align: center;\"><strong>Crescenza | \u20ac 9.50<\/strong><br \/>\n<em>(Mozz, Stracchino, Rocket, Anchois)<\/em><\/p>\n<p style=\"text-align: center;\"><strong>Diable | \u20ac 8.00<\/strong><br \/>\n<em>(Tomate, Mozz, Salamino Piccante)<\/em><\/p>\n<p style=\"text-align: center;\"><strong>Dyssea | \u20ac 10.00<\/strong><br \/>\n<em>(Tomate, Mozz, Saucisse, Salamino, Gorgo, Oignon rouge)<\/em><\/p>\n<p style=\"text-align: center;\"><strong>Friarielli et saucisse | \u20ac 9.00<\/strong><br \/>\n<em>(Mozz, Friarielli, Saucisse)<\/em><\/p>\n<p style=\"text-align: center;\"><strong>Fruits de mer | \u20ac 15.00<\/strong><br \/>\n<em>(Tomate, palourdes, moules, crevettes)<\/em><\/p>\n<p style=\"text-align: center;\"><strong>Champignons | \u20ac 8.00<\/strong><br \/>\n<em>(Tomate, Mozz, Champignons)<\/em><\/p>\n<p style=\"text-align: center;\"><strong>Greedy | \u20ac 10.50<\/strong><br \/>\n<em>(Tomate, Mozz, Pommes de terre au four, Gorgo, Oignon rouge, Salami doux)<\/em><\/p>\n<p style=\"text-align: center;\"><strong>Gorgonzola | \u20ac 8.00<\/strong><br \/>\n<em>(Tomate, Mozz, Gorgonzola)<\/em><\/p>\n<p style=\"text-align: center;\"><strong>Gorgo et oignon | \u20ac 8.50<\/strong><br \/>\n<em>(Tomate, Mozz, Gorgonzola, Oignon rouge)<\/em><\/p>\n<p style=\"text-align: center;\"><strong>Grecque | \u20ac 7.50<\/strong><br \/>\n<em>(Tomate, Mozz, Olives noires)<\/em><\/p>\n<p style=\"text-align: center;\"><strong>Grill | \u20ac 8.50<\/strong><br \/>\n<em>(Tomate, Mozz, Courgettes, Aubergines, Poivrons)<\/em><\/p>\n<p style=\"text-align: center;\"><strong>Tropeana | \u20ac 9.00<\/strong><br \/>\n<em>(Mozz, N&rsquo;duja, oignon rouge)<\/em><\/p>\n<p style=\"text-align: center;\"><strong>Valdostana | \u20ac 8.50<\/strong><br \/>\n<em>(Tomate, Mozz, Jambon, Fontina)<\/em><\/p>\n<p style=\"text-align: center;\"><strong>Verace | \u20ac 9.50<\/strong><br \/>\n<em>(Tomate, Buffalo, Anchois, Origan, Basilic)<\/em><\/p>\n<p style=\"text-align: center;\"><strong>Am\u00e9ricaine | \u20ac 8.50<\/strong><br \/>\n<em>(Tomate, Mozz, Saucisse, Frites)<\/em><\/p>\n<p style=\"text-align: center;\"><strong>Volcanique | \u20ac 9.50<\/strong><br \/>\n<em>(Tomate, Stracchino, Anchois, N&rsquo;duja)<\/em><\/p>\n<p style=\"text-align: center;\"><strong>Renforts | \u20ac 2.50<\/strong><br \/>\n(Salumi, Buffalo, champignons Porcini)<\/p>\n<p style=\"text-align: center;\"><strong>Autres renforts | 1,50<\/strong><\/p>\n<\/div><\/div><div class=\"w-separator size_huge\"><\/div><div class=\"w-actionbox color_primary controls_right\"><div class=\"w-actionbox-text\"><h2 class=\"w-actionbox-title\">D\u00e9crivez votre exp\u00e9rience<\/h2><div class=\"w-actionbox-description\"><p>Votre avis nous int\u00e9resse<\/p>\n<\/div><\/div><div class=\"w-actionbox-controls\"><a class=\"w-btn us-btn-style_2\" target=\"_blank\" href=\"https:\/\/g.page\/r\/CW8iZUHa2NLDEB0\/review\"><span class=\"w-btn-label\">Laissez-nous un commentaire<\/span><\/a><\/div><\/div><\/div><\/div><\/div><\/div><\/section><section class=\"l-section wpb_row hide_on_default hide_on_laptops hide_on_tablets height_small with_img\"><div class=\"l-section-img\" role=\"img\" data-img-width=\"677\" data-img-height=\"1080\" style=\"background-image: url(https:\/\/www.latanadimagilla.it\/wp-content\/uploads\/2023\/10\/sfondo-menu-mobile-ok.png);background-repeat: repeat-y;background-size: contain;\"><\/div><div class=\"l-section-h i-cf\"><div class=\"g-cols vc_row via_grid cols_1 laptops-cols_inherit tablets-cols_inherit mobiles-cols_1 valign_top type_default stacking_default\"><div class=\"wpb_column vc_column_container\"><div class=\"vc_column-inner\"><div class=\"wpb_text_column\"><div class=\"wpb_wrapper\"><p style=\"text-align: center;\"><strong>L\u00e9ger | \u20ac 9.50<\/strong><br \/>\n<em>(mozz, fromage Stracchino, courgettes, jambon cuit)<\/em><\/p>\n<p style=\"text-align: center;\"><strong>Savoureux | \u20ac 10.00<\/strong><br \/>\n<em>(Tomate, Buffalo, Scamorza fum\u00e9, Gorgo, Speck)<\/em><\/p>\n<p style=\"text-align: center;\"><strong>Idyllique | \u20ac 10.00<\/strong><br \/>\n<em>(Tomate, Mozz, C\u00e8pes, Bri\u00e8, Bufala)<\/em><\/p>\n<p style=\"text-align: center;\"><strong>La Tana | \u20ac 9.50<\/strong><br \/>\n<em>(Tomate, Mozz, Scamorza fum\u00e9, Saucisse, Champignons)<\/em><\/p>\n<p style=\"text-align: center;\"><strong>Porcinet | \u20ac 9.50<\/strong><br \/>\n<em>(Tomate, Mozz, Saucisse, Gorgo, Champignons)<\/em><\/p>\n<p style=\"text-align: center;\"><strong>Marinara | \u20ac 5.50<\/strong><br \/>\n<em>(Tomate et ail)<\/em><\/p>\n<p style=\"text-align: center;\"><strong>Napolitain | \u20ac 7.50<\/strong><br \/>\n<em>(Tomate, Mozz, Anchois)<\/em><\/p>\n<p style=\"text-align: center;\"><strong>Parma | \u20ac 9.50<\/strong><br \/>\n<em>(Tomate, Mozz, Jambon cru)<\/em><\/p>\n<p style=\"text-align: center;\"><strong>Parmesan | \u20ac 8.00<\/strong><br \/>\n<em>(Tomate, Mozz, Aubergines, Grana)<\/em><\/p>\n<p style=\"text-align: center;\"><strong>Patafritta | \u20ac 7.00<\/strong><br \/>\n<em>(Tomate, Mozz, Frites)<\/em><\/p>\n<p style=\"text-align: center;\"><strong>Polyphemus | \u20ac 8.50<\/strong><br \/>\n<em>(Tomate, Mozz, Jambon, \u0152uf)<\/em><\/p>\n<p style=\"text-align: center;\"><strong>Tasty | \u20ac 9.00<\/strong><br \/>\n<em>(Tomate, Mozz, Gorgo, Salamino)<\/em><\/p>\n<p style=\"text-align: center;\"><strong>Rocket | \u20ac 7.50<\/strong><br \/>\n<em>(Tomate, Mozz, Rocket)<\/em><\/p>\n<p style=\"text-align: center;\"><strong>Savoureux | \u20ac 9.50<\/strong><br \/>\n<em>(Tomate, Mozz, Saucisse, Gorgo, Radicchio)<\/em><\/p>\n<p style=\"text-align: center;\"><strong>Sicilienne | \u20ac 8.00<\/strong><br \/>\n<em>(Tomate, Anchois, Olives, C\u00e2pres)<\/em><\/p>\n<p style=\"text-align: center;\"><strong>Allemand | \u20ac 7.00<\/strong><br \/>\n<em>(Tomate, Mozz, W\u00fcrstel)<\/em><\/p>\n<p style=\"text-align: center;\"><strong>Toni | \u20ac 9.50<\/strong><br \/>\n<em>(Tomate, Mozz, Saucisse, Friarielli, Gorgo)<\/em><\/p>\n<p style=\"text-align: center;\"><strong>Tirol | 9,50<\/strong><br \/>\n<em>(Mozz, Bri\u00e8, Speck)<\/em><\/p>\n<p style=\"text-align: center;\"><strong>Thon | \u20ac 8.00<\/strong><br \/>\n<em>(Tomate, Mozz, Thon)<\/em><\/p>\n<p style=\"text-align: center;\"><strong>Thon et artichauts | \u20ac 8.00<\/strong><br \/>\n<em>(Tomate, Mozz, Thon, Artichauts)<\/em><\/p>\n<p style=\"text-align: center;\"><strong>Thon et oignon | \u20ac 8.50<\/strong><br \/>\n<em>(Tomate, Mozz, Thon, Oignon)<\/em><\/p>\n<p style=\"text-align: center;\"><strong>Trois petits cochons | \u20ac 9.50<\/strong><br \/>\n<em>(Tomate, Mozz, Saucisse, W\u00fcrstel)<\/em><\/p>\n<p style=\"text-align: center;\"><strong>Champignons | \u20ac 10.00<\/strong><br \/>\n<em>(Tomate, Mozz, champignons Porcini)<\/em><\/p>\n<p style=\"text-align: center;\"><strong>Printemps \u20ac 8.50<\/strong><br \/>\n<em>(Tomate. Mozz, tomates cerises, roquette)<\/em><\/p>\n<p style=\"text-align: center;\"><strong>Jambon | \u20ac 8.00<\/strong><br \/>\n<em>(Tomate, Mozz, Jambon)<\/em><\/p>\n<p style=\"text-align: center;\"><strong>Jambon et champignons | \u20ac 8.50<\/strong><br \/>\n<em>(Tomate, Mozz, Jambon, Champignons)<\/em><\/p>\n<p style=\"text-align: center;\"><strong>4 fromages | \u20ac 9.00<\/strong><br \/>\n<em>(Mozz, Gorgo, Fontina, Bri\u00e8)<\/em><\/p>\n<p style=\"text-align: center;\"><strong>4 Saisons | \u20ac 9.00<\/strong><br \/>\n<em>(Tomate, Mozz. Jambon, Artichauts, Olives, Champignons)<\/em><\/p>\n<p style=\"text-align: center;\"><strong>Fum\u00e9 | \u20ac 8.50<\/strong><br \/>\n<em>(Tomate, Mozz, Scamorza fum\u00e9, Speck)<\/em><\/p>\n<p style=\"text-align: center;\"><strong>Buffalo | \u20ac 9.00<\/strong><br \/>\n<em>(Tomate, Mozz, Bufala)<\/em><\/p>\n<p style=\"text-align: center;\"><strong>Burrata | \u20ac 11.00<\/strong><br \/>\n<em>(Tomate, Burratina, Basilic)<\/em><\/p>\n<p style=\"text-align: center;\"><strong>Calabra | \u20ac 11.00<\/strong><br \/>\n<em>(Mozz, Tomate cerise, N&rsquo;duja, Salamino, Soppressata)<\/em><\/p>\n<p style=\"text-align: center;\"><strong>Margherita | \u20ac 6.50<\/strong><br \/>\n<em>(Tomate, Mozz.)<\/em><\/p>\n<p style=\"text-align: center;\"><strong>Le Gentil | \u20ac 9.50<\/strong><br \/>\n<em>(Mozz, Bacon, Scamorza, Oignon)<\/em><\/p>\n<p style=\"text-align: center;\"><strong>Capricieux | \u20ac 9.50<\/strong><br \/>\n<em>(Tomate, Mozz, Jambon, Champignons, Artichauts, Olives, W\u00fcrstel)<\/em><\/p>\n<p style=\"text-align: center;\"><strong>Crescenza | \u20ac 9.50<\/strong><br \/>\n<em>(Mozz, Stracchino, Rocket, Anchois)<\/em><\/p>\n<p style=\"text-align: center;\"><strong>Diable | \u20ac 8.00<\/strong><br \/>\n<em>(Tomate, Mozz, Salamino Piccante)<\/em><\/p>\n<p style=\"text-align: center;\"><strong>Dyssea | \u20ac 10.00<\/strong><br \/>\n<em>(Tomate, Mozz, Saucisse, Salamino, Gorgo, Oignon rouge)<\/em><\/p>\n<p style=\"text-align: center;\"><strong>Friarielli et saucisse | \u20ac 9.00<\/strong><br \/>\n<em>(Mozz, Friarielli, Saucisse)<\/em><\/p>\n<p style=\"text-align: center;\"><strong>Fruits de mer | \u20ac 15.00<\/strong><br \/>\n<em>(Tomate, palourdes, moules, crevettes)<\/em><\/p>\n<p style=\"text-align: center;\"><strong>Champignons | \u20ac 8.00<\/strong><br \/>\n<em>(Tomate, Mozz, Champignons)<\/em><\/p>\n<p style=\"text-align: center;\"><strong>Greedy | \u20ac 10.50<\/strong><br \/>\n<em>(Tomate, Mozz, Pommes de terre au four, Gorgo, Oignon rouge, Salami doux)<\/em><\/p>\n<p style=\"text-align: center;\"><strong>Gorgonzola | \u20ac 8.00<\/strong><br \/>\n<em>(Tomate, Mozz, Gorgonzola)<\/em><\/p>\n<p style=\"text-align: center;\"><strong>Gorgo et oignon | \u20ac 8.50<\/strong><br \/>\n<em>(Tomate, Mozz, Gorgonzola, Oignon rouge)<\/em><\/p>\n<p style=\"text-align: center;\"><strong>Grecque | \u20ac 7.50<\/strong><br \/>\n<em>(Tomate, Mozz, Olives noires)<\/em><\/p>\n<p style=\"text-align: center;\"><strong>Grill | \u20ac 8.50<\/strong><br \/>\n<em>(Tomate, Mozz, Courgettes, Aubergines, Poivrons)<\/em><\/p>\n<p style=\"text-align: center;\"><strong>Tropeana | \u20ac 9.00<\/strong><br \/>\n<em>(Mozz, N&rsquo;duja, oignon rouge)<\/em><\/p>\n<p style=\"text-align: center;\"><strong>Valdostana | \u20ac 8.50<\/strong><br \/>\n<em>(Tomate, Mozz, Jambon, Fontina)<\/em><\/p>\n<p style=\"text-align: center;\"><strong>Verace | \u20ac 9.50<\/strong><br \/>\n<em>(Tomate, Buffalo, Anchois, Origan, Basilic)<\/em><\/p>\n<p style=\"text-align: center;\"><strong>Am\u00e9ricaine | \u20ac 8.50<\/strong><br \/>\n<em>(Tomate, Mozz, Saucisse, Frites)<\/em><\/p>\n<p style=\"text-align: center;\"><strong>Volcanique | \u20ac 9.50<\/strong><br \/>\n<em>(Tomate, Stracchino, Anchois, N&rsquo;duja)<\/em><\/p>\n<p style=\"text-align: center;\"><strong>Renforts | \u20ac 2.50<\/strong><br \/>\n(Salumi, Buffalo, champignons Porcini)<\/p>\n<p style=\"text-align: center;\"><strong>Autres renforts | 1,50<\/strong><\/p>\n<\/div><\/div><div class=\"w-separator size_huge\"><\/div><div class=\"w-actionbox color_primary controls_right\"><div class=\"w-actionbox-text\"><h2 class=\"w-actionbox-title\">D\u00e9crivez votre exp\u00e9rience<\/h2><div class=\"w-actionbox-description\"><p>Votre avis nous int\u00e9resse<\/p>\n<\/div><\/div><div class=\"w-actionbox-controls\"><a class=\"w-btn us-btn-style_2\" target=\"_blank\" href=\"https:\/\/g.page\/r\/CW8iZUHa2NLDEB0\/review\"><span class=\"w-btn-label\">Laissez-nous un commentaire<\/span><\/a><\/div><\/div><\/div><\/div><\/div><\/div><\/section>\n","protected":false},"excerpt":{"rendered":"MenuPizzasAnti PizzaMenu enfant \u20ac 9.00Menu c\u0153liaqueDessertBoissonsLa caveCaf\u00e9 et amersMenuPizzasAnti PizzaMenu enfantMenu c\u0153liaqueDessertBoissonsLa caveCaf\u00e9 et amersMenuPizzasAnti PizzaMenu enfantMenu c\u0153liaqueDessertBoissonsLa caveCaf\u00e9 et amersL\u00e9ger | \u20ac 9.50 (mozz, fromage Stracchino, courgettes, jambon cuit) Savoureux | \u20ac 10.00 (Tomate, Buffalo, Scamorza fum\u00e9, Gorgo, Speck) Idyllique | \u20ac 10.00 (Tomate, Mozz, C\u00e8pes, Bri\u00e8, Bufala) La Tana | \u20ac 9.50 (Tomate,...","protected":false},"author":3,"featured_media":2652,"parent":3003,"menu_order":0,"comment_status":"closed","ping_status":"closed","template":"","meta":{"footnotes":""},"class_list":["post-2995","page","type-page","status-publish","has-post-thumbnail","hentry"],"aioseo_notices":[],"_links":{"self":[{"href":"https:\/\/www.latanadimagilla.it\/fr\/wp-json\/wp\/v2\/pages\/2995","targetHints":{"allow":["GET"]}}],"collection":[{"href":"https:\/\/www.latanadimagilla.it\/fr\/wp-json\/wp\/v2\/pages"}],"about":[{"href":"https:\/\/www.latanadimagilla.it\/fr\/wp-json\/wp\/v2\/types\/page"}],"author":[{"embeddable":true,"href":"https:\/\/www.latanadimagilla.it\/fr\/wp-json\/wp\/v2\/users\/3"}],"replies":[{"embeddable":true,"href":"https:\/\/www.latanadimagilla.it\/fr\/wp-json\/wp\/v2\/comments?post=2995"}],"version-history":[{"count":14,"href":"https:\/\/www.latanadimagilla.it\/fr\/wp-json\/wp\/v2\/pages\/2995\/revisions"}],"predecessor-version":[{"id":3370,"href":"https:\/\/www.latanadimagilla.it\/fr\/wp-json\/wp\/v2\/pages\/2995\/revisions\/3370"}],"up":[{"embeddable":true,"href":"https:\/\/www.latanadimagilla.it\/fr\/wp-json\/wp\/v2\/pages\/3003"}],"wp:featuredmedia":[{"embeddable":true,"href":"https:\/\/www.latanadimagilla.it\/fr\/wp-json\/wp\/v2\/media\/2652"}],"wp:attachment":[{"href":"https:\/\/www.latanadimagilla.it\/fr\/wp-json\/wp\/v2\/media?parent=2995"}],"curies":[{"name":"wp","href":"https:\/\/api.w.org\/{rel}","templated":true}]}}