{"id":2832,"date":"2023-10-02T10:33:33","date_gmt":"2023-10-02T10:33:33","guid":{"rendered":"https:\/\/www.latanadimagilla.it\/bonbons\/"},"modified":"2024-03-08T14:39:10","modified_gmt":"2024-03-08T14:39:10","slug":"bonbons","status":"publish","type":"page","link":"https:\/\/www.latanadimagilla.it\/fr\/menu\/bonbons\/","title":{"rendered":"Dessert"},"content":{"rendered":"<section class=\"l-section wpb_row us_custom_7c2415f2 height_medium\"><div class=\"l-section-h i-cf\"><div class=\"g-cols vc_row via_grid cols_1 laptops-cols_inherit tablets-cols_inherit mobiles-cols_1 valign_top type_default stacking_default\"><div class=\"wpb_column vc_column_container\"><div class=\"vc_column-inner\"><div class=\"w-hwrapper valign_middle default_align_center laptops_align_center tablets_align_center mobiles_align_center\"><nav class=\"w-menu us_custom_3a14f0f0 layout_hor style_blocks has_text_align_on_mobiles us_menu_1\" style=\"--main-gap:1.5rem;--main-ver-indent:0.6em;--main-hor-indent:0.2em;--main-color:var(--color-header-middle-text);--main-hover-bg-color:var(--color-header-middle-text);--main-hover-color:var(--color-content-border);--main-active-bg-color:var(--color-header-top-text);--main-active-color:var(--color-content-border);\"><ul id=\"menu-menu-francese\" class=\"menu\"><li id=\"menu-item-3222\" class=\"menu-item menu-item-type-post_type menu-item-object-page menu-item-3222\"><a href=\"https:\/\/www.latanadimagilla.it\/fr\/menu\/\">Menu<\/a><\/li><li id=\"menu-item-3223\" class=\"menu-item menu-item-type-post_type menu-item-object-page menu-item-3223\"><a href=\"https:\/\/www.latanadimagilla.it\/fr\/menu\/pizzas\/\">Pizzas<\/a><\/li><li id=\"menu-item-3224\" class=\"menu-item menu-item-type-post_type menu-item-object-page menu-item-3224\"><a href=\"https:\/\/www.latanadimagilla.it\/fr\/menu\/anti-pizza\/\">Anti Pizza<\/a><\/li><li id=\"menu-item-3225\" class=\"menu-item menu-item-type-post_type menu-item-object-page menu-item-3225\"><a href=\"https:\/\/www.latanadimagilla.it\/fr\/menu\/menu-enfant-e-8-50\/\">Menu enfant \u20ac 9.00<\/a><\/li><li id=\"menu-item-3226\" class=\"menu-item menu-item-type-post_type menu-item-object-page menu-item-3226\"><a href=\"https:\/\/www.latanadimagilla.it\/fr\/menu\/menu-coeliaque\/\">Menu c\u0153liaque<\/a><\/li><li id=\"menu-item-3227\" class=\"menu-item menu-item-type-post_type menu-item-object-page menu-item-3227\"><a href=\"https:\/\/www.latanadimagilla.it\/fr\/menu\/bonbons\/\">Dessert<\/a><\/li><li id=\"menu-item-3228\" class=\"menu-item menu-item-type-post_type menu-item-object-page menu-item-3228\"><a href=\"https:\/\/www.latanadimagilla.it\/fr\/menu\/boissons\/\">Boissons<\/a><\/li><li id=\"menu-item-3229\" class=\"menu-item menu-item-type-post_type menu-item-object-page menu-item-3229\"><a href=\"https:\/\/www.latanadimagilla.it\/fr\/menu\/la-cave\/\">La cave<\/a><\/li><li id=\"menu-item-3230\" class=\"menu-item menu-item-type-post_type menu-item-object-page menu-item-3230\"><a href=\"https:\/\/www.latanadimagilla.it\/fr\/menu\/cafe-et-amers\/\">Caf\u00e9 et amers<\/a><\/li><\/ul><style>@media ( max-width:10px ){.us_menu_1 .menu{display:block!important}.us_menu_1 .menu>li{margin:0 0 var(--main-gap,1.5rem)!important}}<\/style><\/nav><\/div><\/div><\/div><\/div><\/div><\/section><section class=\"l-section wpb_row hide_on_mobiles height_small with_img parallax_ver\"><div class=\"l-section-img\" role=\"img\" data-img-width=\"1199\" data-img-height=\"1080\" style=\"background-image: url(https:\/\/www.latanadimagilla.it\/wp-content\/uploads\/2023\/10\/sfondo-menu.png);\"><\/div><div class=\"l-section-h i-cf\"><div class=\"g-cols vc_row via_grid cols_1 laptops-cols_inherit tablets-cols_inherit mobiles-cols_1 valign_top type_default stacking_default\"><div class=\"wpb_column vc_column_container\"><div class=\"vc_column-inner\"><div class=\"wpb_text_column\"><div class=\"wpb_wrapper\"><p style=\"text-align: center;\"><strong>Tiramisu | <\/strong>\u20ac 5.00<\/p>\n<p style=\"text-align: center;\"><strong>Cupcake coeur chaud avec cr\u00e8me glac\u00e9e (Fondant) | <\/strong>\u20ac 5,00<\/p>\n<p style=\"text-align: center;\"><strong>Cupcake au c\u0153ur chaud avec cr\u00e8me glac\u00e9e (pistache) | <\/strong>\u20ac 5.00<\/p>\n<p style=\"text-align: center;\"><strong>Cupcake au c\u0153ur chaud avec cr\u00e8me glac\u00e9e (noisette) | <\/strong>\u20ac 5.00<\/p>\n<p style=\"text-align: center;\"><strong>Tarte-Tatin aux pommes avec cr\u00e8me glac\u00e9e | <\/strong>\u20ac 5.00<\/p>\n<p style=\"text-align: center;\"><strong>Fraises \u00e0 la cr\u00e8me | <\/strong>\u20ac 5.50<\/p>\n<p style=\"text-align: center;\"><strong>Meringue avec fondue au chocolat | <\/strong>\u20ac 5.00<\/p>\n<p style=\"text-align: center;\"><strong>Panna Cotta (pistache, fraise, chocolat, r\u00e9glisse, menthe, fruit de la passion, caramel) | <\/strong>\u20ac 4,00<br \/>\n<strong><br \/>\n<\/strong><\/p>\n<p style=\"text-align: center;\"><strong>G\u00e2teau du week-end | <\/strong>\u20ac 5.00<\/p>\n<\/div><\/div><div class=\"w-separator size_huge\"><\/div><div class=\"w-actionbox color_primary controls_right\"><div class=\"w-actionbox-text\"><h2 class=\"w-actionbox-title\">D\u00e9crivez votre exp\u00e9rience<\/h2><div class=\"w-actionbox-description\"><p>Votre avis nous int\u00e9resse<\/p>\n<\/div><\/div><div class=\"w-actionbox-controls\"><a class=\"w-btn us-btn-style_2\" target=\"_blank\" href=\"https:\/\/g.page\/r\/CW8iZUHa2NLDEB0\/review\"><span class=\"w-btn-label\">Laissez-nous un commentaire<\/span><\/a><\/div><\/div><\/div><\/div><\/div><\/div><\/section><section class=\"l-section wpb_row hide_on_default hide_on_laptops hide_on_tablets height_small with_img\"><div class=\"l-section-img\" role=\"img\" data-img-width=\"677\" data-img-height=\"1080\" style=\"background-image: url(https:\/\/www.latanadimagilla.it\/wp-content\/uploads\/2023\/10\/sfondo-menu-mobile-ok.png);background-repeat: repeat-y;background-size: contain;\"><\/div><div class=\"l-section-h i-cf\"><div class=\"g-cols vc_row via_grid cols_1 laptops-cols_inherit tablets-cols_inherit mobiles-cols_1 valign_top type_default stacking_default\"><div class=\"wpb_column vc_column_container\"><div class=\"vc_column-inner\"><div class=\"wpb_text_column\"><div class=\"wpb_wrapper\"><p style=\"text-align: center;\"><strong>Tiramisu | <\/strong>\u20ac 5.00<\/p>\n<p style=\"text-align: center;\"><strong>Cupcake coeur chaud avec cr\u00e8me glac\u00e9e (Fondant) | <\/strong>\u20ac 5,00<\/p>\n<p style=\"text-align: center;\"><strong>Cupcake au c\u0153ur chaud avec cr\u00e8me glac\u00e9e (pistache) | <\/strong>\u20ac 5.00<\/p>\n<p style=\"text-align: center;\"><strong>Cupcake au c\u0153ur chaud avec cr\u00e8me glac\u00e9e (noisette) | <\/strong>\u20ac 5.00<\/p>\n<p style=\"text-align: center;\"><strong>Tarte-Tatin aux pommes avec cr\u00e8me glac\u00e9e | <\/strong>\u20ac 5.00<\/p>\n<p style=\"text-align: center;\"><strong>Fraises \u00e0 la cr\u00e8me | <\/strong>\u20ac 5.50<\/p>\n<p style=\"text-align: center;\"><strong>Meringue avec fondue au chocolat | <\/strong>\u20ac 5.00<\/p>\n<p style=\"text-align: center;\"><strong>Panna Cotta (pistache, fraise, chocolat, r\u00e9glisse, menthe, fruit de la passion, caramel) | <\/strong>\u20ac 4,00<br \/>\n<strong><br \/>\n<\/strong><\/p>\n<p style=\"text-align: center;\"><strong>G\u00e2teau du week-end | <\/strong>\u20ac 5.00<\/p>\n<\/div><\/div><div class=\"w-separator size_huge\"><\/div><div class=\"w-actionbox color_primary controls_right\"><div class=\"w-actionbox-text\"><h2 class=\"w-actionbox-title\">D\u00e9crivez votre exp\u00e9rience<\/h2><div class=\"w-actionbox-description\"><p>Votre avis nous int\u00e9resse<\/p>\n<\/div><\/div><div class=\"w-actionbox-controls\"><a class=\"w-btn us-btn-style_2\" target=\"_blank\" href=\"https:\/\/g.page\/r\/CW8iZUHa2NLDEB0\/review\"><span class=\"w-btn-label\">Laissez-nous un commentaire<\/span><\/a><\/div><\/div><\/div><\/div><\/div><\/div><\/section>\n","protected":false},"excerpt":{"rendered":"MenuPizzasAnti PizzaMenu enfant \u20ac 9.00Menu c\u0153liaqueDessertBoissonsLa caveCaf\u00e9 et amersTiramisu | \u20ac 5.00 Cupcake coeur chaud avec cr\u00e8me glac\u00e9e (Fondant) | \u20ac 5,00 Cupcake au c\u0153ur chaud avec cr\u00e8me glac\u00e9e (pistache) | \u20ac 5.00 Cupcake au c\u0153ur chaud avec cr\u00e8me glac\u00e9e (noisette) | \u20ac 5.00 Tarte-Tatin aux pommes avec cr\u00e8me glac\u00e9e | \u20ac 5.00 Fraises \u00e0...","protected":false},"author":3,"featured_media":2602,"parent":3003,"menu_order":0,"comment_status":"closed","ping_status":"closed","template":"","meta":{"footnotes":""},"class_list":["post-2832","page","type-page","status-publish","has-post-thumbnail","hentry"],"aioseo_notices":[],"_links":{"self":[{"href":"https:\/\/www.latanadimagilla.it\/fr\/wp-json\/wp\/v2\/pages\/2832","targetHints":{"allow":["GET"]}}],"collection":[{"href":"https:\/\/www.latanadimagilla.it\/fr\/wp-json\/wp\/v2\/pages"}],"about":[{"href":"https:\/\/www.latanadimagilla.it\/fr\/wp-json\/wp\/v2\/types\/page"}],"author":[{"embeddable":true,"href":"https:\/\/www.latanadimagilla.it\/fr\/wp-json\/wp\/v2\/users\/3"}],"replies":[{"embeddable":true,"href":"https:\/\/www.latanadimagilla.it\/fr\/wp-json\/wp\/v2\/comments?post=2832"}],"version-history":[{"count":11,"href":"https:\/\/www.latanadimagilla.it\/fr\/wp-json\/wp\/v2\/pages\/2832\/revisions"}],"predecessor-version":[{"id":3400,"href":"https:\/\/www.latanadimagilla.it\/fr\/wp-json\/wp\/v2\/pages\/2832\/revisions\/3400"}],"up":[{"embeddable":true,"href":"https:\/\/www.latanadimagilla.it\/fr\/wp-json\/wp\/v2\/pages\/3003"}],"wp:featuredmedia":[{"embeddable":true,"href":"https:\/\/www.latanadimagilla.it\/fr\/wp-json\/wp\/v2\/media\/2602"}],"wp:attachment":[{"href":"https:\/\/www.latanadimagilla.it\/fr\/wp-json\/wp\/v2\/media?parent=2832"}],"curies":[{"name":"wp","href":"https:\/\/api.w.org\/{rel}","templated":true}]}}